{"id":17,"date":"2017-07-20T17:44:59","date_gmt":"2017-07-20T15:44:59","guid":{"rendered":"https:\/\/vegizauber.ch\/?page_id=17"},"modified":"2020-05-05T22:04:20","modified_gmt":"2020-05-05T20:04:20","slug":"ueber-uns","status":"publish","type":"page","link":"https:\/\/vegizauber.ch\/?page_id=17","title":{"rendered":"\u00dcber mich"},"content":{"rendered":"<p>&nbsp;<\/p>\n<p><strong>Herzlich willkommen auf meinem Blog!<\/strong><\/p>\n<p style=\"text-align: justify;\">Mein Name ist Jasmine und ich komme aus Z\u00fcrich. In meiner Familie wurde gutes Essen schon immer gro\u00df geschrieben und deshalb ist es kein\u00a0Wunder, dass ich es liebe zu kochen und zu essen.<\/p>\n<p style=\"text-align: justify;\">Ich habe mich im Sommer 2015 daf\u00fcr entschieden, kein Fleisch mehr zu essen, da ich ein gro\u00dfer Tierfan bin und fest davon \u00fcberzeugt bin, dass es genug fleischlose Varianten gibt um schmackhaft satt zu werden. Leider glauben viele Menschen, dass vegetarische und insbesondere vegane Gerichte langweilig und fad sind. Gutes Essen ist meiner Meinung nach nicht von tierischen Produkten abh\u00e4ngig, sondern von leckeren Zutaten und guten Gew\u00fcrzen. Aus diesem Grund teile ich auf meinem Blog vegetarische Rezepte, die himmlisch gut sind und satt machen.<\/p>\n<p style=\"text-align: justify;\">Ich hoffe, dass euch meine Rezepte viel Freude bereiten und w\u00fcrde mich nat\u00fcrlich auch \u00fcber tolle Rezepte und Men\u00fcempfehlungen von euch freuen. \ud83d\ude42<\/p>\n<p>&nbsp;<\/p>\n<p>&nbsp;<\/p>\n<p>&nbsp;<\/p>\n","protected":false},"excerpt":{"rendered":"<p>&nbsp; Herzlich willkommen auf meinem Blog! Mein Name ist Jasmine und ich komme aus Z\u00fcrich. In meiner Familie wurde gutes Essen schon immer gro\u00df geschrieben und deshalb ist es kein\u00a0Wunder, dass ich es liebe zu kochen und zu essen. Ich habe mich im Sommer 2015&nbsp;<a class=\"read-more\" href=\"https:\/\/vegizauber.ch\/?page_id=17\">&hellip;<\/a><\/p>\n","protected":false},"author":1,"featured_media":239,"parent":0,"menu_order":0,"comment_status":"closed","ping_status":"closed","template":"","meta":{"footnotes":""},"class_list":["post-17","page","type-page","status-publish","has-post-thumbnail","hentry"],"_links":{"self":[{"href":"https:\/\/vegizauber.ch\/index.php?rest_route=\/wp\/v2\/pages\/17","targetHints":{"allow":["GET"]}}],"collection":[{"href":"https:\/\/vegizauber.ch\/index.php?rest_route=\/wp\/v2\/pages"}],"about":[{"href":"https:\/\/vegizauber.ch\/index.php?rest_route=\/wp\/v2\/types\/page"}],"author":[{"embeddable":true,"href":"https:\/\/vegizauber.ch\/index.php?rest_route=\/wp\/v2\/users\/1"}],"replies":[{"embeddable":true,"href":"https:\/\/vegizauber.ch\/index.php?rest_route=%2Fwp%2Fv2%2Fcomments&post=17"}],"version-history":[{"count":13,"href":"https:\/\/vegizauber.ch\/index.php?rest_route=\/wp\/v2\/pages\/17\/revisions"}],"predecessor-version":[{"id":1221,"href":"https:\/\/vegizauber.ch\/index.php?rest_route=\/wp\/v2\/pages\/17\/revisions\/1221"}],"wp:featuredmedia":[{"embeddable":true,"href":"https:\/\/vegizauber.ch\/index.php?rest_route=\/wp\/v2\/media\/239"}],"wp:attachment":[{"href":"https:\/\/vegizauber.ch\/index.php?rest_route=%2Fwp%2Fv2%2Fmedia&parent=17"}],"curies":[{"name":"wp","href":"https:\/\/api.w.org\/{rel}","templated":true}]}}